{"id":9,"date":"2012-11-15T20:38:05","date_gmt":"2012-11-15T20:38:05","guid":{"rendered":"http:\/\/www.kletter-reisen.com\/?page_id=9"},"modified":"2018-12-01T18:04:15","modified_gmt":"2018-12-01T18:04:15","slug":"gardasee","status":"publish","type":"page","link":"https:\/\/www.kletter-reisen.com\/?page_id=9","title":{"rendered":"Kletterkurs Gardasee"},"content":{"rendered":"<p>Nicht umsonst pilgern so viele Kletterer nach Arco bzw. an den Gardasee, also gilt es durch eine geschickte Wahl der Zeit und der Kletterg\u00e4rten die Massen zu umgehen, um ungest\u00f6rt in den Genuss zu kommen. Und da kann man genie\u00dfen: den Blick auf den See, das Klima, die inzwischen gut abgesicherten Routen&#8230;<\/p>\n<p><!--more--><\/p>\n<h1>Kletterkurse Gardasee (Italien, Arco)<\/h1>\n<p>&nbsp;<\/p>\n<h2>Termin 2019:<\/h2>\n<p>20. &#8211; 23. Juni 2019, 4 Klettertage (Hanspeter)<\/p>\n<p>&nbsp;<\/p>\n<h2>Ein paar allgemeine Facts:<\/h2>\n<p>Das Klettern am Gardasee passiert an Kalkfelsen. Fr\u00fcher waren die Routen teilweise etwas &#8222;psycho&#8220; eingebohrt, das ist nun nicht mehr so! Wir haben die Auswahl zwischen ca. 50 Kletterg\u00e4rten, f\u00fcr einige muss man mit einer Fahrzeit ca. 30-40min rechnen, es lohnt sich aber! Kulinarisch war der Gardasee bisher auch immer ein Erfolg; f\u00fcr die schlanke Geldb\u00f6rse: die Unterkunft, die wir vorschlagen besteht aus Appartments mit K\u00fcche, selber Kochen w\u00e4re also eine Option. Erw\u00e4hnenswert vielleicht auch: die absurde Dichte von (g\u00fcnstigen) Bergsportgesch\u00e4ften! Wenn Ihnen also ein Ausr\u00fcstungsdetail fehlen sollte, dann lieber in Arco kaufen!<\/p>\n<p>&nbsp;<\/p>\n<h2>Die Anreise<\/h2>\n<p>Die Anreise werden die meisten wohl per PKW erledigen. Wie werden versuchen, das m\u00f6glichst sch\u00f6nend f\u00fcr die Geldb\u00f6rse und die Umwelt zu erledigen: durch die Bildung von Fahrgemeinschaften, sobald sich die Wege kreuzen (also wer mag..)!<\/p>\n<p>&nbsp;<\/p>\n<h2>Unsere Unterkunft<\/h2>\n<p>Wir werden im Arco Guesthouse (1 oder 2) \u00fcbernachten, das wir sehr empfehlen k\u00f6nnen, geben Ihnen aber da nichts vor! Wir sind gerne bei der Auswahl behilflich, wenn Ihnen das Guesthouse nicht zusagen sollte! Camping ist in Arco auch gut m\u00f6glich!<\/p>\n<p>&nbsp;<\/p>\n<h2>Kurszeiten<\/h2>\n<p>Von unserer Seite sind das 5h pro Tag. Aber das gestaltet sich dann meist recht individuell, also vielleicht wollen manche sich einmal ausklinken zum Baden, Wandern oder Schlafen&#8230; Wir sind da f\u00fcr euch und ihr nutzt das Angebot, wie ihr wollt.<\/p>\n<p>&nbsp;<\/p>\n<h2>Kursinhalt<\/h2>\n<p>\u00c4hnlich gehen wir das auch mit dem Kursinhalt an. Oft besch\u00e4ftigen gewisse Themen mehrere Teilnehmer\/innen, dann werfen wir uns einmal einen (Halb-)Tag auf Taktik, Seiltechnik, Fu\u00dftechnik, Klettern im \u00dcberhang, mentale Aspekte usw. Manchmal ergibt sich auch die Arbeit an einem Projekt, wo wir coachen auf Wunsch.<\/p>\n<p>&nbsp;<\/p>\n<h2>Organisatorisches:<\/h2>\n<p>\u2022 Preis des Kletterkurses: \u20ac 320.-<br \/>\n(exkl. Unterkunft und Anreise)<\/p>\n<p>\u2022 Nach erfolgter Anmeldung bekommst Du Informationen zugesandt mit den organisatorischen Details und Empfehlungen.<\/p>\n","protected":false},"excerpt":{"rendered":"<p>Nicht umsonst pilgern so viele Kletterer nach Arco bzw. an den Gardasee, also gilt es durch eine geschickte Wahl der Zeit und der Kletterg\u00e4rten die Massen zu umgehen, um ungest\u00f6rt in den Genuss zu kommen. Und da kann man genie\u00dfen: den Blick auf den See, das Klima, die inzwischen gut abgesicherten Routen&#8230;<\/p>\n","protected":false},"author":1,"featured_media":0,"parent":0,"menu_order":0,"comment_status":"open","ping_status":"open","template":"","meta":{"footnotes":""},"class_list":["post-9","page","type-page","status-publish","hentry"],"aioseo_notices":[],"_links":{"self":[{"href":"https:\/\/www.kletter-reisen.com\/index.php?rest_route=\/wp\/v2\/pages\/9"}],"collection":[{"href":"https:\/\/www.kletter-reisen.com\/index.php?rest_route=\/wp\/v2\/pages"}],"about":[{"href":"https:\/\/www.kletter-reisen.com\/index.php?rest_route=\/wp\/v2\/types\/page"}],"author":[{"embeddable":true,"href":"https:\/\/www.kletter-reisen.com\/index.php?rest_route=\/wp\/v2\/users\/1"}],"replies":[{"embeddable":true,"href":"https:\/\/www.kletter-reisen.com\/index.php?rest_route=%2Fwp%2Fv2%2Fcomments&post=9"}],"version-history":[{"count":38,"href":"https:\/\/www.kletter-reisen.com\/index.php?rest_route=\/wp\/v2\/pages\/9\/revisions"}],"predecessor-version":[{"id":698,"href":"https:\/\/www.kletter-reisen.com\/index.php?rest_route=\/wp\/v2\/pages\/9\/revisions\/698"}],"wp:attachment":[{"href":"https:\/\/www.kletter-reisen.com\/index.php?rest_route=%2Fwp%2Fv2%2Fmedia&parent=9"}],"curies":[{"name":"wp","href":"https:\/\/api.w.org\/{rel}","templated":true}]}}