{"id":78,"date":"2012-11-18T18:14:11","date_gmt":"2012-11-18T18:14:11","guid":{"rendered":"http:\/\/www.kletter-reisen.com\/?page_id=78"},"modified":"2019-08-13T11:15:00","modified_gmt":"2019-08-13T11:15:00","slug":"julia","status":"publish","type":"page","link":"https:\/\/www.kletter-reisen.com\/?page_id=78","title":{"rendered":"Julia"},"content":{"rendered":"<h3><a href=\"http:\/\/www.kletter-reisen.com\/wp-content\/uploads\/2012\/11\/Kletterreisen-Team-Julia.jpg\"><img loading=\"lazy\" decoding=\"async\" class=\"alignright size-full wp-image-92\" title=\"Kletterreisen Team Julia\" src=\"http:\/\/www.kletter-reisen.com\/wp-content\/uploads\/2012\/11\/Kletterreisen-Team-Julia.jpg\" alt=\"\" width=\"337\" height=\"505\" srcset=\"https:\/\/www.kletter-reisen.com\/wp-content\/uploads\/2012\/11\/Kletterreisen-Team-Julia.jpg 337w, https:\/\/www.kletter-reisen.com\/wp-content\/uploads\/2012\/11\/Kletterreisen-Team-Julia-200x300.jpg 200w\" sizes=\"(max-width: 337px) 100vw, 337px\" \/><\/a><\/h3>\n<h1>Kletterreisen Team<\/h1>\n<h3><\/h3>\n<h3><\/h3>\n<p><strong>Julia Hufnagl<\/strong><\/p>\n<p>Staatlich gepr\u00fcfte Sportklettertrainerin<br \/>\n(Inkl. Instruktor Sportklettern Breitensport und Leistungssport), Routensetzerin<br \/>\nDipl. Sozialp\u00e4dagogin<\/p>\n<p><strong>bin beruflich:<\/strong><br \/>\nKlettertrainerin (St\u00fctzpunkttrainerin des Jugendnationalteams, Landestrainerin N\u00d6, uvm.)<br \/>\nAusbilderin im Bereich Instruktor und \u00dcbungsleiter Sportklettern<\/p>\n<p><strong>klettere am liebsten so:<\/strong><br \/>\n\u2022\u00a0 onsight<br \/>\n\u2022\u00a0 hoch &#8211; alpine Mehrseill\u00e4ngen<br \/>\n\u2022\u00a0 reisend &#8211; auf den verschiedensten (ruhigen)\u00a0 Pl\u00e4tzen<\/p>\n<h3><\/h3>\n<p>&nbsp;<\/p>\n<p>&nbsp;<\/p>\n","protected":false},"excerpt":{"rendered":"<p>Kletterreisen Team Julia Hufnagl Staatlich gepr\u00fcfte Sportklettertrainerin (Inkl. Instruktor Sportklettern Breitensport und Leistungssport), Routensetzerin Dipl. Sozialp\u00e4dagogin bin beruflich: Klettertrainerin (St\u00fctzpunkttrainerin des Jugendnationalteams, Landestrainerin N\u00d6, uvm.) Ausbilderin im Bereich Instruktor und \u00dcbungsleiter Sportklettern klettere am liebsten so: \u2022\u00a0 onsight \u2022\u00a0 hoch &#8211; alpine Mehrseill\u00e4ngen \u2022\u00a0 reisend &#8211; auf den verschiedensten (ruhigen)\u00a0 Pl\u00e4tzen &nbsp; &nbsp;<\/p>\n","protected":false},"author":1,"featured_media":0,"parent":0,"menu_order":0,"comment_status":"open","ping_status":"open","template":"","meta":{"footnotes":""},"class_list":["post-78","page","type-page","status-publish","hentry"],"aioseo_notices":[],"_links":{"self":[{"href":"https:\/\/www.kletter-reisen.com\/index.php?rest_route=\/wp\/v2\/pages\/78"}],"collection":[{"href":"https:\/\/www.kletter-reisen.com\/index.php?rest_route=\/wp\/v2\/pages"}],"about":[{"href":"https:\/\/www.kletter-reisen.com\/index.php?rest_route=\/wp\/v2\/types\/page"}],"author":[{"embeddable":true,"href":"https:\/\/www.kletter-reisen.com\/index.php?rest_route=\/wp\/v2\/users\/1"}],"replies":[{"embeddable":true,"href":"https:\/\/www.kletter-reisen.com\/index.php?rest_route=%2Fwp%2Fv2%2Fcomments&post=78"}],"version-history":[{"count":20,"href":"https:\/\/www.kletter-reisen.com\/index.php?rest_route=\/wp\/v2\/pages\/78\/revisions"}],"predecessor-version":[{"id":737,"href":"https:\/\/www.kletter-reisen.com\/index.php?rest_route=\/wp\/v2\/pages\/78\/revisions\/737"}],"wp:attachment":[{"href":"https:\/\/www.kletter-reisen.com\/index.php?rest_route=%2Fwp%2Fv2%2Fmedia&parent=78"}],"curies":[{"name":"wp","href":"https:\/\/api.w.org\/{rel}","templated":true}]}}