{"id":70,"date":"2012-11-18T18:08:46","date_gmt":"2012-11-18T18:08:46","guid":{"rendered":"http:\/\/www.kletter-reisen.com\/?page_id=70"},"modified":"2019-08-13T11:10:43","modified_gmt":"2019-08-13T11:10:43","slug":"jakob-team-kletterreisen","status":"publish","type":"page","link":"https:\/\/www.kletter-reisen.com\/?page_id=70","title":{"rendered":"Jakob"},"content":{"rendered":"<h1><a href=\"http:\/\/www.kletter-reisen.com\/wp-content\/uploads\/2012\/11\/Jakob-Team-Kletterreisen.jpg\"><img loading=\"lazy\" decoding=\"async\" class=\"alignright size-full wp-image-101\" title=\"Kletterreisen Team Jakob\" src=\"http:\/\/www.kletter-reisen.com\/wp-content\/uploads\/2012\/11\/Jakob-Team-Kletterreisen.jpg\" alt=\"\" width=\"280\" height=\"373\" srcset=\"https:\/\/www.kletter-reisen.com\/wp-content\/uploads\/2012\/11\/Jakob-Team-Kletterreisen.jpg 280w, https:\/\/www.kletter-reisen.com\/wp-content\/uploads\/2012\/11\/Jakob-Team-Kletterreisen-225x300.jpg 225w\" sizes=\"(max-width: 280px) 100vw, 280px\" \/><\/a>Kletterreisen Team<\/h1>\n<p style=\"text-align: left;\"><strong><br \/>\nMag. Jakob Wurm<\/strong><br \/>\nStudium der Geschichte und Philosophie, Instruktor Sportklettern, Embodiment Coach, Schlagzeuger<\/p>\n<p><strong>bin beruflich:<\/strong><br \/>\nAusbilder f\u00fcr \u00dcbungsleiterinnen und Instruktorinnen im Bereich Sportklettern und Bouldern, Kursleiter am Universit\u00e4ts Sportinstitut Wien, Bleausard \ud83d\ude09<\/p>\n<p><strong>klettere am liebsten so:<\/strong><br \/>\nwenn alles gefordert ist: Taktik, Psyche, Technik, KRAFT&#8230;..und ein Dyno! &#8230;in fast alle Spielarten des Kletterns<\/p>\n<p><strong>was mich sonst noch bewegt:<\/strong><br \/>\nMusik, Berge, Surfen, Reisen, und meine Familie<\/p>\n","protected":false},"excerpt":{"rendered":"<p>Kletterreisen Team Mag. Jakob Wurm Studium der Geschichte und Philosophie, Instruktor Sportklettern, Embodiment Coach, Schlagzeuger bin beruflich: Ausbilder f\u00fcr \u00dcbungsleiterinnen und Instruktorinnen im Bereich Sportklettern und Bouldern, Kursleiter am Universit\u00e4ts Sportinstitut Wien, Bleausard \ud83d\ude09 klettere am liebsten so: wenn alles gefordert ist: Taktik, Psyche, Technik, KRAFT&#8230;..und ein Dyno! &#8230;in fast alle Spielarten des Kletterns was [&hellip;]<\/p>\n","protected":false},"author":1,"featured_media":0,"parent":0,"menu_order":0,"comment_status":"open","ping_status":"open","template":"","meta":{"footnotes":""},"class_list":["post-70","page","type-page","status-publish","hentry"],"aioseo_notices":[],"_links":{"self":[{"href":"https:\/\/www.kletter-reisen.com\/index.php?rest_route=\/wp\/v2\/pages\/70"}],"collection":[{"href":"https:\/\/www.kletter-reisen.com\/index.php?rest_route=\/wp\/v2\/pages"}],"about":[{"href":"https:\/\/www.kletter-reisen.com\/index.php?rest_route=\/wp\/v2\/types\/page"}],"author":[{"embeddable":true,"href":"https:\/\/www.kletter-reisen.com\/index.php?rest_route=\/wp\/v2\/users\/1"}],"replies":[{"embeddable":true,"href":"https:\/\/www.kletter-reisen.com\/index.php?rest_route=%2Fwp%2Fv2%2Fcomments&post=70"}],"version-history":[{"count":15,"href":"https:\/\/www.kletter-reisen.com\/index.php?rest_route=\/wp\/v2\/pages\/70\/revisions"}],"predecessor-version":[{"id":731,"href":"https:\/\/www.kletter-reisen.com\/index.php?rest_route=\/wp\/v2\/pages\/70\/revisions\/731"}],"wp:attachment":[{"href":"https:\/\/www.kletter-reisen.com\/index.php?rest_route=%2Fwp%2Fv2%2Fmedia&parent=70"}],"curies":[{"name":"wp","href":"https:\/\/api.w.org\/{rel}","templated":true}]}}