{"id":645,"date":"2018-11-30T11:26:20","date_gmt":"2018-11-30T11:26:20","guid":{"rendered":"http:\/\/www.kletter-reisen.com\/?page_id=645"},"modified":"2018-12-01T17:10:12","modified_gmt":"2018-12-01T17:10:12","slug":"kletterkurse-outdoor-oesterreich","status":"publish","type":"page","link":"https:\/\/www.kletter-reisen.com\/?page_id=645","title":{"rendered":"Kletterkurse outdoor \u00d6sterreich"},"content":{"rendered":"<h1>Outdoor Kletterkurse in \u00d6sterreich<\/h1>\n<p>Wie bei den Kletterreisen haben wir uns auch f\u00fcr die Felskletterkurse in \u00d6sterreich richtig sch\u00f6ne Pl\u00e4tze ausgesucht. Insofern hat das auch Kletterreisen- oder Urlaubscharakter. Was uns alle vier Kletterlehrer\/innen verbindet: wir sind Outdoor-FREAKS und haben die volle Motivation euch bei richtig feinen und lehrreichen Tagen outdoor zu begleiten und zu coachen.<\/p>\n<p>Die Kurse finden von Donnerstag bis Freitag statt. Das kostet zwar zwei Urlaubstage, aber wir wollen das optimale Lernambiente und das hei\u00dft in Ruhe die besten Routen ausw\u00e4hlen f\u00fcr euch in den sch\u00f6nsten Kletterg\u00e4rten.<\/p>\n<p>Die zwei Gebiete, die wir uns daf\u00fcr ausgesucht haben:<br \/>\n<strong>Kletterkurs Wachau (Nieder\u00f6sterreich): Gneis (&#8222;Granit&#8220;)<br \/>\n<\/strong><strong>Kletterkurs Salzkammergut (Ober\u00f6sterreich): Kalk<br \/>\n<\/strong>unterscheiden sich bewusst vom Gestein her, da haben die Leute einerseits verschiedene Vorlieben andererseits kann man sich bewusst auch f\u00fcr das eher ungewohnt entscheiden. Die Inhalte sind die gleichen (Klettertechnik, Sicherheitsmanagement outdoor und mentale Aspekte\/Taktik drau\u00dfen).<\/p>\n<p>Ausr\u00fcstung: prinzipiell k\u00f6nnen wir euch mit allem ausr\u00fcsten wie Helm, Gurt, Seil, Expressschlingen und Sicherungsger\u00e4t. Die Schuhe bitten wir euch selber mitzubringen, die sollten richtig gut sitzen, denn outdoor ist gutes Antreten besonders gefragt.<\/p>\n","protected":false},"excerpt":{"rendered":"<p>Outdoor Kletterkurse in \u00d6sterreich Wie bei den Kletterreisen haben wir uns auch f\u00fcr die Felskletterkurse in \u00d6sterreich richtig sch\u00f6ne Pl\u00e4tze ausgesucht. Insofern hat das auch Kletterreisen- oder Urlaubscharakter. Was uns alle vier Kletterlehrer\/innen verbindet: wir sind Outdoor-FREAKS und haben die volle Motivation euch bei richtig feinen und lehrreichen Tagen outdoor zu begleiten und zu coachen. [&hellip;]<\/p>\n","protected":false},"author":1,"featured_media":0,"parent":0,"menu_order":0,"comment_status":"closed","ping_status":"closed","template":"","meta":{"footnotes":""},"class_list":["post-645","page","type-page","status-publish","hentry"],"aioseo_notices":[],"_links":{"self":[{"href":"https:\/\/www.kletter-reisen.com\/index.php?rest_route=\/wp\/v2\/pages\/645"}],"collection":[{"href":"https:\/\/www.kletter-reisen.com\/index.php?rest_route=\/wp\/v2\/pages"}],"about":[{"href":"https:\/\/www.kletter-reisen.com\/index.php?rest_route=\/wp\/v2\/types\/page"}],"author":[{"embeddable":true,"href":"https:\/\/www.kletter-reisen.com\/index.php?rest_route=\/wp\/v2\/users\/1"}],"replies":[{"embeddable":true,"href":"https:\/\/www.kletter-reisen.com\/index.php?rest_route=%2Fwp%2Fv2%2Fcomments&post=645"}],"version-history":[{"count":14,"href":"https:\/\/www.kletter-reisen.com\/index.php?rest_route=\/wp\/v2\/pages\/645\/revisions"}],"predecessor-version":[{"id":693,"href":"https:\/\/www.kletter-reisen.com\/index.php?rest_route=\/wp\/v2\/pages\/645\/revisions\/693"}],"wp:attachment":[{"href":"https:\/\/www.kletter-reisen.com\/index.php?rest_route=%2Fwp%2Fv2%2Fmedia&parent=645"}],"curies":[{"name":"wp","href":"https:\/\/api.w.org\/{rel}","templated":true}]}}