{"id":643,"date":"2018-11-30T11:24:23","date_gmt":"2018-11-30T11:24:23","guid":{"rendered":"http:\/\/www.kletter-reisen.com\/?page_id=643"},"modified":"2018-12-01T16:52:41","modified_gmt":"2018-12-01T16:52:41","slug":"felskletterkurs-oberoesterreich","status":"publish","type":"page","link":"https:\/\/www.kletter-reisen.com\/?page_id=643","title":{"rendered":"Felskletterkurs Ober\u00f6sterreich"},"content":{"rendered":"<h1>Kletterkurs outdoor Salzkammergut (Ober\u00f6sterreich)<\/h1>\n<p>&nbsp;<\/p>\n<h2>Termin 2019:<\/h2>\n<p><strong>04. &#8211; 05. Juli 2019 (Jakob, Alexis)<\/strong><strong><br \/>\n<\/strong><\/p>\n<h2><\/h2>\n<h2>Ein paar allgemeine Facts zum Kurs:<\/h2>\n<p><strong>Salzkammergut (Ober\u00f6sterreich):<\/strong>\u00a0Die Combo aus Bergen und Seen pr\u00e4gt diese herrliche Landschaft. Au\u00dferdem gibt es richtig urige Orte wie Ischl, Goisern, Hallstatt oder Altaussee. Wir klettern auf Kalk und werden uns vor allem rund um Bad Ischl bewegen. Es lohnt sich bei M\u00f6glichkeit gleich noch zwei Tage im Salzkammergut zu bleiben:-).<\/p>\n<p>Wir starten Donnerstag Vormittag und Klettern am Freitag bis ca. 17.30 Uhr. Jeder Kletterlehrer betreut maximal vier KundInnen. Wir werden uns v.a. rund um Bad Ischl bewegen, z.B. im Klettergarten Ewige Wand, Rettenbachtal und Rindbachtal. Von der Schwierigkeitsgraden her bilden wir zwei Gruppen, wenn ihr in der Halle einen 5er (UIAA, 4c franz.) schafft, k\u00f6nnt ihr hier bereits eure Freude haben in den Kletterg\u00e4rten. Wer den Kletterkurs gen\u00fc\u00dflich starten m\u00f6chte, fr\u00fchst\u00fcckt davor beim Zauner in Bad Ischl.<\/p>\n<p>&nbsp;<\/p>\n<h2>Inhalte des Kletterkurses<\/h2>\n<p>Inhaltlich gibt es drei Schwerpunket: Erstens die speziellen Aspekte der <strong>Klettertechnik outdoor. <\/strong>Neben der Natur ist dieser Bereich das coole, herausfordernde und spannende am Klettern drau\u00dfen:<\/p>\n<p>+ den Fels klettertechnisch zu lesen<br \/>\n+ die F\u00fc\u00dfe richtig zu setzen<br \/>\n+ den K\u00f6rper gut zu positionieren f\u00fcr eine stabile Position<br \/>\n+ Aufleger gut nutzen<br \/>\n+ Piazzen (Gegendrucktechnik)<br \/>\n+ und vieles ergibt sich aus den jeweiligen Finessen der Routen<\/p>\n<p>Zweitens der Bereich der\u00a0<strong>Sicherungstechnik<\/strong> bzw. <strong>Sicherheitsmanagments<\/strong>:<\/p>\n<p>+ Beurteilung des Hakenmaterials<br \/>\n+ Management der Hakenabst\u00e4nde<br \/>\n+ Umf\u00e4delmethoden am Top<br \/>\n+ Basteln einer Topropestation (u.a. Verwendung des Felsens selbst &amp; B\u00e4ume)<br \/>\n+ Ausprobieren und Besprechen verschiedener Sicherungsger\u00e4te<br \/>\n+ bisschen Materialkunde (f\u00fcr Nerds: viel Materialkunde)<br \/>\n+ Varianten beim selber Abseilen<br \/>\n+ &#8222;Hermeneutik&#8220; beim Lesen des Topos und der Zustiegsbeschreibungen<br \/>\n+ geschmeidiges Klinken<\/p>\n<p>Drittens <strong>mentale Aspekte <\/strong>beim outdoor Klettern:<\/p>\n<p>+ Angstmanagement (z.B. die Hakenabst\u00e4nde als Ausl\u00f6ser..)<br \/>\n+ taktisches Aspekte des Outdoor-Kletterns, ziemlich wichtiger und manchmal untersch\u00e4tzter Punkt. Indoor sind die Routen meist so geschraubt, dass einfach irgendwann die Arme dick und dicker werden, Klettern outdoor ist hier variantenreicher und bietet so noch mehr M\u00f6glichkeiten taktische Aspekte ins Spiel zu bringen.<\/p>\n<p>&nbsp;<\/p>\n<h2>Organisatorisches:<\/h2>\n<p>\u2022 Preis des Kletterkurses: \u20ac 219.- (exkl. Unterkunft, Anreise, inkl. Material falls erforderlich)<\/p>\n<p>\u2022 Nach erfolgter Anmeldung bekommst Du weitere Informationen zugesandt mit den organisatorischen Details. Bei den Unterk\u00fcnften bitten wir euch selber zu schauen, da hier die W\u00fcnsche sehr verschieden sind. Es gibt durchaus auch g\u00fcnstige Unterk\u00fcnfte in der Region.<\/p>\n","protected":false},"excerpt":{"rendered":"<p>Kletterkurs outdoor Salzkammergut (Ober\u00f6sterreich) &nbsp; Termin 2019: 04. &#8211; 05. Juli 2019 (Jakob, Alexis) Ein paar allgemeine Facts zum Kurs: Salzkammergut (Ober\u00f6sterreich):\u00a0Die Combo aus Bergen und Seen pr\u00e4gt diese herrliche Landschaft. Au\u00dferdem gibt es richtig urige Orte wie Ischl, Goisern, Hallstatt oder Altaussee. Wir klettern auf Kalk und werden uns vor allem rund um Bad [&hellip;]<\/p>\n","protected":false},"author":1,"featured_media":0,"parent":0,"menu_order":0,"comment_status":"closed","ping_status":"closed","template":"","meta":{"footnotes":""},"class_list":["post-643","page","type-page","status-publish","hentry"],"aioseo_notices":[],"_links":{"self":[{"href":"https:\/\/www.kletter-reisen.com\/index.php?rest_route=\/wp\/v2\/pages\/643"}],"collection":[{"href":"https:\/\/www.kletter-reisen.com\/index.php?rest_route=\/wp\/v2\/pages"}],"about":[{"href":"https:\/\/www.kletter-reisen.com\/index.php?rest_route=\/wp\/v2\/types\/page"}],"author":[{"embeddable":true,"href":"https:\/\/www.kletter-reisen.com\/index.php?rest_route=\/wp\/v2\/users\/1"}],"replies":[{"embeddable":true,"href":"https:\/\/www.kletter-reisen.com\/index.php?rest_route=%2Fwp%2Fv2%2Fcomments&post=643"}],"version-history":[{"count":6,"href":"https:\/\/www.kletter-reisen.com\/index.php?rest_route=\/wp\/v2\/pages\/643\/revisions"}],"predecessor-version":[{"id":688,"href":"https:\/\/www.kletter-reisen.com\/index.php?rest_route=\/wp\/v2\/pages\/643\/revisions\/688"}],"wp:attachment":[{"href":"https:\/\/www.kletter-reisen.com\/index.php?rest_route=%2Fwp%2Fv2%2Fmedia&parent=643"}],"curies":[{"name":"wp","href":"https:\/\/api.w.org\/{rel}","templated":true}]}}