{"id":5,"date":"2012-11-15T20:37:36","date_gmt":"2012-11-15T20:37:36","guid":{"rendered":"http:\/\/www.kletter-reisen.com\/?page_id=5"},"modified":"2023-10-05T08:21:07","modified_gmt":"2023-10-05T08:21:07","slug":"kalymnos","status":"publish","type":"page","link":"https:\/\/www.kletter-reisen.com\/?page_id=5","title":{"rendered":"Kletterkurs Kalymnos"},"content":{"rendered":"<p>Die unglaubliche Anzahl an M\u00f6glichkeiten gepaart mit dem unpackbar sch\u00f6nen Wetter (iimmmeer&#8230;) garantieren eine sehr feine Zeit auf Kalymnos! Die M\u00f6glichkeiten sind: 70 Kletterg\u00e4rten mit 20000 Routen in allen Ausrichtungen, L\u00e4ngen und Neigungen im Umkreis von 10km. Und das Meer&#8230;<\/p>\n<p><!--more--><\/p>\n<h1>Kletterkurs auf Kalymnos (GR)<\/h1>\n<p>&nbsp;<\/p>\n<h2>Termine 2024:<\/h2>\n<p><strong>18.-25. Mai 2024<\/strong><\/p>\n<p>8 Tage mit An- und Abreise, 6 Tage klettern<\/p>\n<p>&nbsp;<\/p>\n<h2>Ein paar allgemeine Facts:<\/h2>\n<p>Die Insel Kalymnos liegt in der N\u00e4he von Kos, Rhodos bzw. der t\u00fcrkischen K\u00fcste. Wie erw\u00e4hnt herrscht dort unversch\u00e4mt sch\u00f6nes Wetter. Wenn es regnet (was meist erst gegen Ende Oktober wieder passiert) dann eine halbe Stunde lang&#8230; Die Einwohner sind sehr froh dar\u00fcber, dass vor ca. 20 Jahren das Klettern auf der Insel begann, da ihre vorige Erwerbsquelle, das Tauchen nach Schw\u00e4mmen, immer weniger lukrativ wurde. Entsprechend freudig kommen sie den Kletterer\/innen auch entgegen, wobei das insgesamt im Naturell der Griechen liegen k\u00f6nnte.<\/p>\n<p>So richtig wird erst seit 2000 eingebohrt und gleich mit einem hohen Anspruch an die Sicherheit. D.h. die gro\u00dfe Mehrzahl der Routen ist echt human abgesichert mit modernem Material. Man klettert an Kalk in allen Verwitterungsformen. Eine der Besonderheiten auf Kalymnos ist das Klettern an Sinters\u00e4ulen. Die Bewertung der Routen ist meist &#8222;wohlwollend&#8220;, also nicht von der Angst getrieben, jemand k\u00f6nnte sagen: das ist ja gar keine 6a etc&#8230;<\/p>\n<p>&nbsp;<\/p>\n<h2>Die Anreise<\/h2>\n<p>Da unsere Teilnehmer\/innen recht verstreut aus \u00d6sterreich und Deutschland kommen, erfolgt diese nicht gemeinsam sondern ist selbst zu buchen. Die zwei Hauptvarianten sind: (a) Flug nach Athen und von dort Flug nach Kalymnos (ein Flug pro Tag hin und einer her, Olympic Airways), (b) Flug nach Kos und von dort mit der F\u00e4hre (\u20ac 8,-) nach Kalymnos, die \u00dcberfahrt dauert ca. 20min und ist eine sch\u00f6ne Art anzukommen.<\/p>\n<p>&nbsp;<\/p>\n<h2>Unsere Unterkunft<\/h2>\n<p>Die Unterkunft ist aus unserer Sicht nicht fix, sondern wir geben Empfehlungen ab mit der genauen Kontaktm\u00f6glichkeit, v.a. eine, wo alles richtig sch\u00f6n und g\u00fcnstig ist:-). Als Ort schlage wir auf alle F\u00e4lle Massouri vor.<\/p>\n<h2><span style=\"font-size: 13px;\">\u00a0<\/span><\/h2>\n<h2>Mobilit\u00e4t auf der Insel<\/h2>\n<p>Die zwei Optionen sind Mietautos oder\u00a0 ist Mopeds, je nach Lust mit einer oder zwei Personen drauf. Die Fahrt ist l\u00e4ngsten 20min und an der K\u00fcstenstra\u00dfe (eine andere gibt es eh nicht..) hier w\u00e4chst rechts und links der Olenader, was seinen eigenen Reiz hat. Ein Auto kann man ab ca. \u20ac 30,- pro Tag mieten, ein Moped kostet ca. \u20ac 12,- pro Tag. Die Zustiege sind recht verschieden von 10min bis zu l\u00e4ngstens 30min.<\/p>\n<p>&nbsp;<\/p>\n<h2>Special<\/h2>\n<p>Ein Teil von Kalymnos trennte sich nach einen Erdbeben von der Hauptinsel und hei\u00dft heute Telendos. Die \u00dcberfahrt dauert nur ein paar Minuten und auf Telendos gibt es auch schon einige Kletterg\u00e4rten. Am Abend dann Essen in einer Taverne am Strand, mit der F\u00e4hre in der Nacht zur\u00fcck&#8230;.<\/p>\n<p>&nbsp;<\/p>\n<h2>Kurszeiten<\/h2>\n<p>Von unserer Seite sind das ca. 6h pro Tag. Aber das gestaltet sich dann meist recht individuell, also vielleicht wollen manche einmal am Vormittag baden oder wandern oder Schlafen&#8230; Wir sind da f\u00fcr euch und ihr nutzt das Angebot, wir ihr wollt.<\/p>\n<p>&nbsp;<\/p>\n<h2>Kursinhalt<\/h2>\n<p>\u00c4hnlich gehen wir das auch mit dem Kursinhalt an. Oft besch\u00e4ftigen gewisse Themen mehrere Teilnehmer\/innen, dann werfen wir uns einmal einen (Halb-)Tag auf Taktik, Seiltechnik, Fu\u00dftechnik, Klettern im \u00dcberhang, mentale Aspekte usw. Manchmal ergibt sich auch die Arbeit an einem Projekt, wo wir coachen auf Wunsch. Oder wir klettern einfach mit Blick aufs Meer:-), das kann auch passieren&#8230;<\/p>\n<p>&nbsp;<\/p>\n<h2>Klima\/Jahreszeiten und Klettern:<\/h2>\n<p>Die beliebtesten Monate sind Mai und Oktober. Im Mai ist es eher gr\u00fcn, im September und Oktober sind die Pflanzen schon recht durstig, einfach 4 Monate kein Regen. Aber selbst Mai und Oktober ist Kalymnos nicht \u00fcberlaufen, hier ist es nur wicht wegen des Uqartiers bzw. Rollers rechzeitig drann zu sein. Wir waren auch schon im November dort, weniger Leute, immer noch warm mit Temparaturen um die 15 Grad, als fein in der Sonne. Ein Taxifahrer meinte einmal in seinem Leben sei an einem Tag kurz auf der Spitz des h\u00f6chsten Berges ein bisschen Schnee gefallen&#8230; Also Klettern im Winter ist auf Kalymnos durchaus eine Option.Im Sommer hat es 30 &#8211; 35 Grad, selbst dann geht das Klettern in den schattigen Sektoren mit einer leichte Brise.<\/p>\n<p>&nbsp;<\/p>\n<h2>Essen &amp; Kultur<\/h2>\n<p>Da gibt es jetzt im Positiven Sinne keine \u00dcberraschungen, durch aufopfernde Selbstversuche haben wir inzwischen etwas Ahnung, wo gibt es am meisten auf dem Teller, wo die besten Nachspei\u00dfen oder WLAN. An einer der Strandbars gibt es auch eine Slackline. F\u00fcr kulturell Interessierte gibt es z.B.: einige sch\u00f6ne Kirchen und nat\u00fcrlich auch \u00dcberreste aus der Antike.<\/p>\n<p>&nbsp;<\/p>\n<h2>Organisatorisches:<\/h2>\n<p>\u2022 Preis des Kletterkurses: \u20ac 590.- (exkl. Unterkunft und Anreise)<\/p>\n<p>\u2022 Nach erfolgter Anmeldung bekommst Du Informationen zugesandt mit den organisatorischen Details.<\/p>\n<p>&nbsp;<\/p>\n<p>&nbsp;<\/p>\n<p>&nbsp;<\/p>\n","protected":false},"excerpt":{"rendered":"<p>Die unglaubliche Anzahl an M\u00f6glichkeiten gepaart mit dem unpackbar sch\u00f6nen Wetter (iimmmeer&#8230;) garantieren eine sehr feine Zeit auf Kalymnos! Die M\u00f6glichkeiten sind: 70 Kletterg\u00e4rten mit 20000 Routen in allen Ausrichtungen, L\u00e4ngen und Neigungen im Umkreis von 10km. Und das Meer&#8230;<\/p>\n","protected":false},"author":1,"featured_media":0,"parent":0,"menu_order":0,"comment_status":"open","ping_status":"open","template":"","meta":{"footnotes":""},"class_list":["post-5","page","type-page","status-publish","hentry"],"aioseo_notices":[],"_links":{"self":[{"href":"https:\/\/www.kletter-reisen.com\/index.php?rest_route=\/wp\/v2\/pages\/5"}],"collection":[{"href":"https:\/\/www.kletter-reisen.com\/index.php?rest_route=\/wp\/v2\/pages"}],"about":[{"href":"https:\/\/www.kletter-reisen.com\/index.php?rest_route=\/wp\/v2\/types\/page"}],"author":[{"embeddable":true,"href":"https:\/\/www.kletter-reisen.com\/index.php?rest_route=\/wp\/v2\/users\/1"}],"replies":[{"embeddable":true,"href":"https:\/\/www.kletter-reisen.com\/index.php?rest_route=%2Fwp%2Fv2%2Fcomments&post=5"}],"version-history":[{"count":46,"href":"https:\/\/www.kletter-reisen.com\/index.php?rest_route=\/wp\/v2\/pages\/5\/revisions"}],"predecessor-version":[{"id":817,"href":"https:\/\/www.kletter-reisen.com\/index.php?rest_route=\/wp\/v2\/pages\/5\/revisions\/817"}],"wp:attachment":[{"href":"https:\/\/www.kletter-reisen.com\/index.php?rest_route=%2Fwp%2Fv2%2Fmedia&parent=5"}],"curies":[{"name":"wp","href":"https:\/\/api.w.org\/{rel}","templated":true}]}}