{"id":243,"date":"2012-11-27T21:18:24","date_gmt":"2012-11-27T21:18:24","guid":{"rendered":"http:\/\/www.kletter-reisen.com\/?page_id=243"},"modified":"2015-03-26T00:47:03","modified_gmt":"2015-03-26T00:47:03","slug":"allgemein","status":"publish","type":"page","link":"https:\/\/www.kletter-reisen.com\/?page_id=243","title":{"rendered":"Allgemein"},"content":{"rendered":"<h1>Allgemein Infos Kletterreisen<\/h1>\n<p>&nbsp;<\/p>\n<p>Wie bieten Kletterkurse in Kombination mit Reisen an. Wir haben uns auf 3 Orte spezialisiert, da wir diese jeweils optimal finden betreffend Ambiente und M\u00f6glichkeiten des Kletterns. Wir sind 4 Ausbilder von KletterlehrerInnen, (\u00dcbungsleiter Sportklettern und Instruktor Sportklettern, das entspricht in Deutschland dem Betreuer k\u00fcnstliche Kletterw\u00e4nde und dem Trainer C), die nat\u00fcrlich sehr gerne auch selber Kletterkurse halten und reisen.<\/p>\n<p>Pro KletterlehrerIn betreuen wir maximal 6 Leute. Sollte es sich ergeben, dass ihr euch als Gruppe anmelden wollt und einen speziellen Wunsch habt (Termin, Ort), werden wir versuchen, diesen m\u00f6glich zu machen!<\/p>\n","protected":false},"excerpt":{"rendered":"<p>Allgemein Infos Kletterreisen &nbsp; Wie bieten Kletterkurse in Kombination mit Reisen an. Wir haben uns auf 3 Orte spezialisiert, da wir diese jeweils optimal finden betreffend Ambiente und M\u00f6glichkeiten des Kletterns. Wir sind 4 Ausbilder von KletterlehrerInnen, (\u00dcbungsleiter Sportklettern und Instruktor Sportklettern, das entspricht in Deutschland dem Betreuer k\u00fcnstliche Kletterw\u00e4nde und dem Trainer C), die [&hellip;]<\/p>\n","protected":false},"author":1,"featured_media":0,"parent":0,"menu_order":0,"comment_status":"open","ping_status":"open","template":"","meta":{"footnotes":""},"class_list":["post-243","page","type-page","status-publish","hentry"],"aioseo_notices":[],"_links":{"self":[{"href":"https:\/\/www.kletter-reisen.com\/index.php?rest_route=\/wp\/v2\/pages\/243"}],"collection":[{"href":"https:\/\/www.kletter-reisen.com\/index.php?rest_route=\/wp\/v2\/pages"}],"about":[{"href":"https:\/\/www.kletter-reisen.com\/index.php?rest_route=\/wp\/v2\/types\/page"}],"author":[{"embeddable":true,"href":"https:\/\/www.kletter-reisen.com\/index.php?rest_route=\/wp\/v2\/users\/1"}],"replies":[{"embeddable":true,"href":"https:\/\/www.kletter-reisen.com\/index.php?rest_route=%2Fwp%2Fv2%2Fcomments&post=243"}],"version-history":[{"count":12,"href":"https:\/\/www.kletter-reisen.com\/index.php?rest_route=\/wp\/v2\/pages\/243\/revisions"}],"predecessor-version":[{"id":337,"href":"https:\/\/www.kletter-reisen.com\/index.php?rest_route=\/wp\/v2\/pages\/243\/revisions\/337"}],"wp:attachment":[{"href":"https:\/\/www.kletter-reisen.com\/index.php?rest_route=%2Fwp%2Fv2%2Fmedia&parent=243"}],"curies":[{"name":"wp","href":"https:\/\/api.w.org\/{rel}","templated":true}]}}